{"id":8,"date":"2025-10-20T15:37:30","date_gmt":"2025-10-20T13:37:30","guid":{"rendered":"https:\/\/quick4you.pl\/?page_id=8"},"modified":"2025-10-26T20:07:43","modified_gmt":"2025-10-26T19:07:43","slug":"koszyk","status":"publish","type":"page","link":"https:\/\/quick4you.pl\/?page_id=8","title":{"rendered":"Koszyk"},"content":{"rendered":"\n<div data-block-name=\"woocommerce\/cart\" class=\"wp-block-woocommerce-cart alignwide is-loading\">\n<div data-block-name=\"woocommerce\/filled-cart-block\" class=\"wp-block-woocommerce-filled-cart-block\">\n<div data-block-name=\"woocommerce\/cart-items-block\" class=\"wp-block-woocommerce-cart-items-block\">\n<div data-block-name=\"woocommerce\/cart-line-items-block\" class=\"wp-block-woocommerce-cart-line-items-block\"><\/div>\n\n\n<\/div>\n\n\n\n\n<div data-block-name=\"woocommerce\/cart-totals-block\" class=\"wp-block-woocommerce-cart-totals-block\">\n<div data-block-name=\"woocommerce\/cart-order-summary-block\" class=\"wp-block-woocommerce-cart-order-summary-block\">\n<div data-block-name=\"woocommerce\/cart-order-summary-heading-block\" class=\"wp-block-woocommerce-cart-order-summary-heading-block\"><\/div><div data-block-name=\"woocommerce\/cart-order-summary-coupon-form-block\" class=\"wp-block-woocommerce-cart-order-summary-coupon-form-block\"><\/div><div data-block-name=\"woocommerce\/cart-order-summary-totals-block\" class=\"wp-block-woocommerce-cart-order-summary-totals-block\">\n<div data-block-name=\"woocommerce\/cart-order-summary-subtotal-block\" class=\"wp-block-woocommerce-cart-order-summary-subtotal-block\"><\/div>\n<div data-block-name=\"woocommerce\/cart-order-summary-discount-block\" class=\"wp-block-woocommerce-cart-order-summary-discount-block\"><\/div>\n<div data-block-name=\"woocommerce\/cart-order-summary-fee-block\" class=\"wp-block-woocommerce-cart-order-summary-fee-block\"><\/div>\n<div data-block-name=\"woocommerce\/cart-order-summary-shipping-block\" class=\"wp-block-woocommerce-cart-order-summary-shipping-block\"><\/div>\n<div data-block-name=\"woocommerce\/cart-order-summary-taxes-block\" class=\"wp-block-woocommerce-cart-order-summary-taxes-block\"><\/div><\/div>\n<\/div>\n\n\n\n<div data-block-name=\"woocommerce\/cart-express-payment-block\" class=\"wp-block-woocommerce-cart-express-payment-block\"><\/div>\n\n\n\n<div data-block-name=\"woocommerce\/proceed-to-checkout-block\" class=\"wp-block-woocommerce-proceed-to-checkout-block\"><\/div>\n\n\n\n<div data-block-name=\"woocommerce\/cart-accepted-payment-methods-block\" class=\"wp-block-woocommerce-cart-accepted-payment-methods-block\"><\/div>\n<\/div>\n<\/div>\n\n\n\n<div data-block-name=\"woocommerce\/empty-cart-block\" class=\"wp-block-woocommerce-empty-cart-block\">\n<h2 class=\"wp-block-heading has-text-align-center with-empty-cart-icon wc-block-cart__empty-cart__title\">Tw\u00f3j koszyk jest obecnie pusty!<\/h2>\n\n\n\n<hr class=\"wp-block-separator has-alpha-channel-opacity is-style-dots\"\/>\n\n\n\n<h2 class=\"wp-block-heading has-text-align-center\">Nowe w sklepie<\/h2>\n\n\n<div data-block-name=\"woocommerce\/product-new\" data-columns=\"4\" data-rows=\"1\" class=\"wc-block-grid wp-block-product-new wp-block-woocommerce-product-new wc-block-product-new has-4-columns\"><ul class=\"wc-block-grid__products\"><li class=\"wc-block-grid__product\">\n\t\t\t\t<a href=\"https:\/\/quick4you.pl\/?product=boboflow\" class=\"wc-block-grid__product-link\">\n\t\t\t\t\t<div class=\"wc-block-grid__product-onsale\">\n\t\t\t<span aria-hidden=\"true\">Promocja<\/span>\n\t\t\t<span class=\"screen-reader-text\">Produkt w promocji<\/span>\n\t\t<\/div>\n\t\t\t\t\t<div class=\"wc-block-grid__product-image\"><img loading=\"lazy\" decoding=\"async\" width=\"300\" height=\"300\" src=\"https:\/\/quick4you.pl\/wp-content\/uploads\/2026\/03\/Wolne-rece-picie-2-300x300.png\" class=\"attachment-woocommerce_thumbnail size-woocommerce_thumbnail\" alt=\"BoboFlow - butelka do karmienia\" srcset=\"https:\/\/quick4you.pl\/wp-content\/uploads\/2026\/03\/Wolne-rece-picie-2-300x300.png 300w, https:\/\/quick4you.pl\/wp-content\/uploads\/2026\/03\/Wolne-rece-picie-2-1024x1024.png 1024w, https:\/\/quick4you.pl\/wp-content\/uploads\/2026\/03\/Wolne-rece-picie-2-150x150.png 150w, https:\/\/quick4you.pl\/wp-content\/uploads\/2026\/03\/Wolne-rece-picie-2-768x768.png 768w, https:\/\/quick4you.pl\/wp-content\/uploads\/2026\/03\/Wolne-rece-picie-2-1536x1536.png 1536w, https:\/\/quick4you.pl\/wp-content\/uploads\/2026\/03\/Wolne-rece-picie-2-140x140.png 140w, https:\/\/quick4you.pl\/wp-content\/uploads\/2026\/03\/Wolne-rece-picie-2-100x100.png 100w, https:\/\/quick4you.pl\/wp-content\/uploads\/2026\/03\/Wolne-rece-picie-2-500x500.png 500w, https:\/\/quick4you.pl\/wp-content\/uploads\/2026\/03\/Wolne-rece-picie-2-350x350.png 350w, https:\/\/quick4you.pl\/wp-content\/uploads\/2026\/03\/Wolne-rece-picie-2-1000x1000.png 1000w, https:\/\/quick4you.pl\/wp-content\/uploads\/2026\/03\/Wolne-rece-picie-2-800x800.png 800w, https:\/\/quick4you.pl\/wp-content\/uploads\/2026\/03\/Wolne-rece-picie-2-50x50.png 50w, https:\/\/quick4you.pl\/wp-content\/uploads\/2026\/03\/Wolne-rece-picie-2.png 2048w\" sizes=\"auto, (max-width: 300px) 100vw, 300px\" \/><\/div>\n\t\t\t\t\t<div class=\"wc-block-grid__product-title\">BoboFlow &#8211; butelka do karmienia<\/div>\n\t\t\t\t<\/a>\n\t\t\t\t<div class=\"wc-block-grid__product-price price\"><del aria-hidden=\"true\"><span class=\"woocommerce-Price-amount amount\">99,99&nbsp;<span class=\"woocommerce-Price-currencySymbol\">&#122;&#322;<\/span><\/span><\/del> <span class=\"screen-reader-text\">Pierwotna cena wynosi\u0142a: 99,99&nbsp;&#122;&#322;.<\/span><ins aria-hidden=\"true\"><span class=\"woocommerce-Price-amount amount\">79,99&nbsp;<span class=\"woocommerce-Price-currencySymbol\">&#122;&#322;<\/span><\/span><\/ins><span class=\"screen-reader-text\">Aktualna cena wynosi: 79,99&nbsp;&#122;&#322;.<\/span><\/div>\n\t\t\t\t\n\t\t\t\t<div class=\"wp-block-button wc-block-grid__product-add-to-cart\"><a href=\"\/index.php?rest_route=%2Fwp%2Fv2%2Fpages%2F8&#038;add-to-cart=2094\" aria-label=\"Dodaj do koszyka: &bdquo;BoboFlow - butelka do karmienia&rdquo;\" data-quantity=\"1\" data-product_id=\"2094\" data-product_sku=\"\" data-price=\"79.99\" rel=\"nofollow\" class=\"wp-block-button__link  add_to_cart_button ajax_add_to_cart\">Dodaj do koszyka<\/a><\/div>\n\t\t\t<\/li><li class=\"wc-block-grid__product\">\n\t\t\t\t<a href=\"https:\/\/quick4you.pl\/?product=korzeniolap\" class=\"wc-block-grid__product-link\">\n\t\t\t\t\t<div class=\"wc-block-grid__product-onsale\">\n\t\t\t<span aria-hidden=\"true\">Promocja<\/span>\n\t\t\t<span class=\"screen-reader-text\">Produkt w promocji<\/span>\n\t\t<\/div>\n\t\t\t\t\t<div class=\"wc-block-grid__product-image\"><img loading=\"lazy\" decoding=\"async\" width=\"300\" height=\"300\" src=\"https:\/\/quick4you.pl\/wp-content\/uploads\/2026\/02\/1212121-300x300.png\" class=\"attachment-woocommerce_thumbnail size-woocommerce_thumbnail\" alt=\"WeedGrip- Szybkie i Skuteczne Usuwanie Chwast\u00f3w\" srcset=\"https:\/\/quick4you.pl\/wp-content\/uploads\/2026\/02\/1212121-300x300.png 300w, https:\/\/quick4you.pl\/wp-content\/uploads\/2026\/02\/1212121-150x150.png 150w, https:\/\/quick4you.pl\/wp-content\/uploads\/2026\/02\/1212121-768x768.png 768w, https:\/\/quick4you.pl\/wp-content\/uploads\/2026\/02\/1212121-140x140.png 140w, https:\/\/quick4you.pl\/wp-content\/uploads\/2026\/02\/1212121-100x100.png 100w, https:\/\/quick4you.pl\/wp-content\/uploads\/2026\/02\/1212121-500x500.png 500w, https:\/\/quick4you.pl\/wp-content\/uploads\/2026\/02\/1212121-350x350.png 350w, https:\/\/quick4you.pl\/wp-content\/uploads\/2026\/02\/1212121-50x50.png 50w, https:\/\/quick4you.pl\/wp-content\/uploads\/2026\/02\/1212121.png 800w\" sizes=\"auto, (max-width: 300px) 100vw, 300px\" \/><\/div>\n\t\t\t\t\t<div class=\"wc-block-grid__product-title\">WeedGrip- Szybkie i Skuteczne Usuwanie Chwast\u00f3w<\/div>\n\t\t\t\t<\/a>\n\t\t\t\t<div class=\"wc-block-grid__product-price price\"><del aria-hidden=\"true\"><span class=\"woocommerce-Price-amount amount\">59,99&nbsp;<span class=\"woocommerce-Price-currencySymbol\">&#122;&#322;<\/span><\/span><\/del> <span class=\"screen-reader-text\">Pierwotna cena wynosi\u0142a: 59,99&nbsp;&#122;&#322;.<\/span><ins aria-hidden=\"true\"><span class=\"woocommerce-Price-amount amount\">49,99&nbsp;<span class=\"woocommerce-Price-currencySymbol\">&#122;&#322;<\/span><\/span><\/ins><span class=\"screen-reader-text\">Aktualna cena wynosi: 49,99&nbsp;&#122;&#322;.<\/span><\/div>\n\t\t\t\t\n\t\t\t\t<div class=\"wp-block-button wc-block-grid__product-add-to-cart\"><a href=\"\/index.php?rest_route=%2Fwp%2Fv2%2Fpages%2F8&#038;add-to-cart=1988\" aria-label=\"Dodaj do koszyka: &bdquo;WeedGrip- Szybkie i Skuteczne Usuwanie Chwast\u00f3w&rdquo;\" data-quantity=\"1\" data-product_id=\"1988\" data-product_sku=\"\" data-price=\"49.99\" rel=\"nofollow\" class=\"wp-block-button__link  add_to_cart_button ajax_add_to_cart\">Dodaj do koszyka<\/a><\/div>\n\t\t\t<\/li><li class=\"wc-block-grid__product\">\n\t\t\t\t<a href=\"https:\/\/quick4you.pl\/?product=trainx-guma-do-cwiczen\" class=\"wc-block-grid__product-link\">\n\t\t\t\t\t<div class=\"wc-block-grid__product-onsale\">\n\t\t\t<span aria-hidden=\"true\">Promocja<\/span>\n\t\t\t<span class=\"screen-reader-text\">Produkt w promocji<\/span>\n\t\t<\/div>\n\t\t\t\t\t<div class=\"wc-block-grid__product-image\"><img loading=\"lazy\" decoding=\"async\" width=\"300\" height=\"300\" src=\"https:\/\/quick4you.pl\/wp-content\/uploads\/2026\/01\/Poprawione-rozowe-300x300.png\" class=\"attachment-woocommerce_thumbnail size-woocommerce_thumbnail\" alt=\"TrainX - guma do \u0107wicze\u0144\" srcset=\"https:\/\/quick4you.pl\/wp-content\/uploads\/2026\/01\/Poprawione-rozowe-300x300.png 300w, https:\/\/quick4you.pl\/wp-content\/uploads\/2026\/01\/Poprawione-rozowe-150x150.png 150w, https:\/\/quick4you.pl\/wp-content\/uploads\/2026\/01\/Poprawione-rozowe-768x768.png 768w, https:\/\/quick4you.pl\/wp-content\/uploads\/2026\/01\/Poprawione-rozowe-140x140.png 140w, https:\/\/quick4you.pl\/wp-content\/uploads\/2026\/01\/Poprawione-rozowe-100x100.png 100w, https:\/\/quick4you.pl\/wp-content\/uploads\/2026\/01\/Poprawione-rozowe-500x500.png 500w, https:\/\/quick4you.pl\/wp-content\/uploads\/2026\/01\/Poprawione-rozowe-350x350.png 350w, https:\/\/quick4you.pl\/wp-content\/uploads\/2026\/01\/Poprawione-rozowe-50x50.png 50w, https:\/\/quick4you.pl\/wp-content\/uploads\/2026\/01\/Poprawione-rozowe.png 800w\" sizes=\"auto, (max-width: 300px) 100vw, 300px\" \/><\/div>\n\t\t\t\t\t<div class=\"wc-block-grid__product-title\">TrainX &#8211; guma do \u0107wicze\u0144<\/div>\n\t\t\t\t<\/a>\n\t\t\t\t<div class=\"wc-block-grid__product-price price\"><del aria-hidden=\"true\"><span class=\"woocommerce-Price-amount amount\">119,99&nbsp;<span class=\"woocommerce-Price-currencySymbol\">&#122;&#322;<\/span><\/span><\/del> <span class=\"screen-reader-text\">Pierwotna cena wynosi\u0142a: 119,99&nbsp;&#122;&#322;.<\/span><ins aria-hidden=\"true\"><span class=\"woocommerce-Price-amount amount\">89,99&nbsp;<span class=\"woocommerce-Price-currencySymbol\">&#122;&#322;<\/span><\/span><\/ins><span class=\"screen-reader-text\">Aktualna cena wynosi: 89,99&nbsp;&#122;&#322;.<\/span><\/div>\n\t\t\t\t\n\t\t\t\t<div class=\"wp-block-button wc-block-grid__product-add-to-cart\"><a href=\"https:\/\/quick4you.pl\/?product=trainx-guma-do-cwiczen\" aria-label=\"Wybierz opcje dla &bdquo;TrainX - guma do \u0107wicze\u0144&rdquo;\" data-quantity=\"1\" data-product_id=\"1929\" data-product_sku=\"\" data-price=\"89.99\" rel=\"nofollow\" class=\"wp-block-button__link  add_to_cart_button\">Wybierz opcje<\/a><\/div>\n\t\t\t<\/li><li class=\"wc-block-grid__product\">\n\t\t\t\t<a href=\"https:\/\/quick4you.pl\/?product=vizzypod\" class=\"wc-block-grid__product-link\">\n\t\t\t\t\t<div class=\"wc-block-grid__product-onsale\">\n\t\t\t<span aria-hidden=\"true\">Promocja<\/span>\n\t\t\t<span class=\"screen-reader-text\">Produkt w promocji<\/span>\n\t\t<\/div>\n\t\t\t\t\t<div class=\"wc-block-grid__product-image\"><img loading=\"lazy\" decoding=\"async\" width=\"300\" height=\"300\" src=\"https:\/\/quick4you.pl\/wp-content\/uploads\/2025\/11\/Projekt-bez-nazwy-kopia-300x300.png\" class=\"attachment-woocommerce_thumbnail size-woocommerce_thumbnail\" alt=\"VizzyPod - zobacz wi\u0119cej ni\u017c wida\u0107 go\u0142ym okiem!\" srcset=\"https:\/\/quick4you.pl\/wp-content\/uploads\/2025\/11\/Projekt-bez-nazwy-kopia-300x300.png 300w, https:\/\/quick4you.pl\/wp-content\/uploads\/2025\/11\/Projekt-bez-nazwy-kopia-1024x1024.png 1024w, https:\/\/quick4you.pl\/wp-content\/uploads\/2025\/11\/Projekt-bez-nazwy-kopia-150x150.png 150w, https:\/\/quick4you.pl\/wp-content\/uploads\/2025\/11\/Projekt-bez-nazwy-kopia-768x768.png 768w, https:\/\/quick4you.pl\/wp-content\/uploads\/2025\/11\/Projekt-bez-nazwy-kopia-1536x1536.png 1536w, https:\/\/quick4you.pl\/wp-content\/uploads\/2025\/11\/Projekt-bez-nazwy-kopia-140x140.png 140w, https:\/\/quick4you.pl\/wp-content\/uploads\/2025\/11\/Projekt-bez-nazwy-kopia-100x100.png 100w, https:\/\/quick4you.pl\/wp-content\/uploads\/2025\/11\/Projekt-bez-nazwy-kopia-500x500.png 500w, https:\/\/quick4you.pl\/wp-content\/uploads\/2025\/11\/Projekt-bez-nazwy-kopia-350x350.png 350w, https:\/\/quick4you.pl\/wp-content\/uploads\/2025\/11\/Projekt-bez-nazwy-kopia-1000x1000.png 1000w, https:\/\/quick4you.pl\/wp-content\/uploads\/2025\/11\/Projekt-bez-nazwy-kopia-800x800.png 800w, https:\/\/quick4you.pl\/wp-content\/uploads\/2025\/11\/Projekt-bez-nazwy-kopia-50x50.png 50w, https:\/\/quick4you.pl\/wp-content\/uploads\/2025\/11\/Projekt-bez-nazwy-kopia.png 1600w\" sizes=\"auto, (max-width: 300px) 100vw, 300px\" \/><\/div>\n\t\t\t\t\t<div class=\"wc-block-grid__product-title\">VizzyPod &#8211; zobacz wi\u0119cej ni\u017c wida\u0107 go\u0142ym okiem!<\/div>\n\t\t\t\t<\/a>\n\t\t\t\t<div class=\"wc-block-grid__product-price price\"><del aria-hidden=\"true\"><span class=\"woocommerce-Price-amount amount\">159,99&nbsp;<span class=\"woocommerce-Price-currencySymbol\">&#122;&#322;<\/span><\/span><\/del> <span class=\"screen-reader-text\">Pierwotna cena wynosi\u0142a: 159,99&nbsp;&#122;&#322;.<\/span><ins aria-hidden=\"true\"><span class=\"woocommerce-Price-amount amount\">99,99&nbsp;<span class=\"woocommerce-Price-currencySymbol\">&#122;&#322;<\/span><\/span><\/ins><span class=\"screen-reader-text\">Aktualna cena wynosi: 99,99&nbsp;&#122;&#322;.<\/span><\/div>\n\t\t\t\t\n\t\t\t\t<div class=\"wp-block-button wc-block-grid__product-add-to-cart\"><a href=\"https:\/\/quick4you.pl\/?product=vizzypod\" aria-label=\"Wybierz opcje dla &bdquo;VizzyPod - zobacz wi\u0119cej ni\u017c wida\u0107 go\u0142ym okiem!&rdquo;\" data-quantity=\"1\" data-product_id=\"1747\" data-product_sku=\"V.P\" data-price=\"99.99\" rel=\"nofollow\" class=\"wp-block-button__link  add_to_cart_button\">Wybierz opcje<\/a><\/div>\n\t\t\t<\/li><\/ul><\/div><\/div>\n<\/div>\n","protected":false},"excerpt":{"rendered":"Zobacz inne r\u00f3wnie interesuj\u0105ce&hellip; Tw\u00f3j koszyk jest obecnie pusty! Nowe w sklepie","protected":false},"author":1,"featured_media":0,"parent":0,"menu_order":0,"comment_status":"closed","ping_status":"closed","template":"","meta":{"ghostkit_customizer_options":"","ghostkit_custom_css":"","ghostkit_custom_js_head":"","ghostkit_custom_js_foot":"","ghostkit_typography":"","_glsr_average":0,"_glsr_ranking":0,"_glsr_reviews":0,"footnotes":""},"class_list":["post-8","page","type-page","status-publish"],"_links":{"self":[{"href":"https:\/\/quick4you.pl\/index.php?rest_route=\/wp\/v2\/pages\/8","targetHints":{"allow":["GET"]}}],"collection":[{"href":"https:\/\/quick4you.pl\/index.php?rest_route=\/wp\/v2\/pages"}],"about":[{"href":"https:\/\/quick4you.pl\/index.php?rest_route=\/wp\/v2\/types\/page"}],"author":[{"embeddable":true,"href":"https:\/\/quick4you.pl\/index.php?rest_route=\/wp\/v2\/users\/1"}],"replies":[{"embeddable":true,"href":"https:\/\/quick4you.pl\/index.php?rest_route=%2Fwp%2Fv2%2Fcomments&post=8"}],"version-history":[{"count":1,"href":"https:\/\/quick4you.pl\/index.php?rest_route=\/wp\/v2\/pages\/8\/revisions"}],"predecessor-version":[{"id":1762,"href":"https:\/\/quick4you.pl\/index.php?rest_route=\/wp\/v2\/pages\/8\/revisions\/1762"}],"wp:attachment":[{"href":"https:\/\/quick4you.pl\/index.php?rest_route=%2Fwp%2Fv2%2Fmedia&parent=8"}],"curies":[{"name":"wp","href":"https:\/\/api.w.org\/{rel}","templated":true}]}}