{"id":3,"date":"2025-10-20T15:33:09","date_gmt":"2025-10-20T13:33:09","guid":{"rendered":"https:\/\/quick4you.pl\/?page_id=3"},"modified":"2025-10-31T14:05:55","modified_gmt":"2025-10-31T13:05:55","slug":"polityka-prywatnosci","status":"publish","type":"page","link":"https:\/\/quick4you.pl\/?page_id=3","title":{"rendered":"Polityka prywatno\u015bci"},"content":{"rendered":"\n<p>Kto jest administratorem Twoich danych osobowych?<\/p>\n\n\n\n<h4 class=\"wp-block-heading\">Dane firmy:<\/h4>\n\n\n\n<p>Micha\u0142 Gil<br>Kielce Skalista 1<br>25-106<br>NIP 6572964512<\/p>\n\n\n\n<h4 class=\"wp-block-heading\">Kontakt:<\/h4>\n\n\n\n<p>Tel: 795487436<br>kontakt@quick4you.pl<\/p>\n\n\n\n<p>Administratorem, czyli podmiotem decyduj\u0105cym o tym, jak b\u0119d\u0105 wykorzystywane Twoje dane osobowe, jest Quick4you.pl(dalej Quick4you.pl) operator internetowej platformy po\u015brednictwa sprzeda\u017cy dost\u0119pnego pod adresem Quick4you.pl (dalej Quick4you.pl ). Jak si\u0119 z nami skontaktowa\u0107, \u017ceby uzyska\u0107 wi\u0119cej informacji o przetwarzaniu Twoich danych osobowych? Napisz do wyznaczonego przez nas inspektora danych osobowych. Oto jego dane kontaktowe: adres e-mail: kontakt@quick4you.pl<br><\/p>\n\n\n\n<p>Sk\u0105d mamy Twoje dane?<\/p>\n\n\n\n<p>Otrzymali\u015bmy je od Ciebie podczas zak\u0142adania konta, a tak\u017ce p\u00f3\u017aniej, w zwi\u0105zku z transakcjami dokonywanymi przez Ciebie w Quick4you.pl <\/p>\n\n\n\n<p>Jaki jest cel i podstawa prawna przetwarzania Twoich danych osobowych przez <strong>Quick4you.pl <\/strong>?<\/p>\n\n\n\n<p>Przetwarzamy Twoje dane osobowe, poniewa\u017c jest to niezb\u0119dne do wykonania umowy zawartej z Tob\u0105, w tym do:<\/p>\n\n\n\n<ul class=\"wp-block-list\">\n<li>umo\u017cliwienia \u015bwiadczenia us\u0142ugi drog\u0105 elektroniczn\u0105 oraz pe\u0142nego korzystania z Quick4you.pl  , w tym dokonywania po\u015brednictwa handlowego oraz wynikaj\u0105cych z tego\u017c transakcji.<\/li>\n\n\n\n<li>zak\u0142adania i zarz\u0105dzania Twoim kontem lub kontami, oraz zapewnienia obs\u0142ugi Twojego konta, transakcji i rozwi\u0105zywania problem\u00f3w technicznych;<\/li>\n\n\n\n<li>realizacji um\u00f3w zawartych w ramach umowy po\u015brednictwa<\/li>\n\n\n\n<li>obs\u0142ugi reklamacji w Quick4you.pl&nbsp;<strong>, <\/strong>gdy z\u0142o\u017cysz tak\u0105 reklamacj\u0119;<\/li>\n\n\n\n<li>obs\u0142ugi zg\u0142osze\u0144, kt\u00f3re do nas kierujesz (np. przez formularz kontaktowy);<\/li>\n\n\n\n<li>kontaktowania si\u0119 z Tob\u0105, w tym w celach zwi\u0105zanych ze \u015bwiadczeniem us\u0142ug.<\/li>\n<\/ul>\n\n\n\n<p>Dodatkowo, przepisy prawa wymagaj\u0105 od nas przetwarzania Twoich danych dla cel\u00f3w podatkowych i rachunkowych.<\/p>\n\n\n\n<p>Przetwarzamy te\u017c Twoje dane osobowe w celach wskazanych poni\u017cej, na podstawie prawnie uzasadnionego interesu Quick4you.pl  , kt\u00f3rym jest:<\/p>\n\n\n\n<ul class=\"wp-block-list\">\n<li>monitorowanie Twojej aktywno\u015bci oraz wszystkich innych u\u017cytkownik\u00f3w, obejmuj\u0105cej np. wyszukiwanie s\u0142\u00f3w kluczowych, przegl\u0105danie oferty oraz zarz\u0105dzanie Twoj\u0105 aktywno\u015bci\u0105 w Quick4you.pl<\/li>\n<\/ul>\n\n\n\n<ul class=\"wp-block-list\">\n<li>dopasowanie reklam zgodnie z uprzednio przegl\u0105danymi przez Ciebie tre\u015bciami, dostosowywania kategorii ofert lub poszczeg\u00f3lnych ofert w zale\u017cno\u015bci od Twoich preferencji zakupowych;<\/li>\n\n\n\n<li>prowadzenie wobec Ciebie dzia\u0142a\u0144 marketingowych w tym prowadzenia marketingu bezpo\u015bredniego w\u0142asnych us\u0142ug.<\/li>\n\n\n\n<li>kontaktowanie si\u0119 z Tob\u0105, w tym w celach zwi\u0105zanych z dozwolonymi dzia\u0142aniami marketingowymi, poprzez dost\u0119pne kana\u0142y komunikacji, w szczeg\u00f3lno\u015bci i za Twoj\u0105 zgod\u0105 &#8211; przez e-mail oraz telefon;<\/li>\n\n\n\n<li>wsparcie dla us\u0142ug kredytowych i ubezpieczenia zakupionego towaru;<\/li>\n\n\n\n<li>zapewnienie obs\u0142ugi us\u0142ug p\u0142atniczych;<\/li>\n\n\n\n<li>zapewnienie bezpiecze\u0144stwa us\u0142ug, kt\u00f3re \u015bwiadczymy Ci drog\u0105 elektroniczn\u0105, w tym egzekwowanie przestrzegania zasad wewn\u0119trznych elektrovarius.pl oraz przeciwdzia\u0142anie oszustwom i nadu\u017cyciom i zapewnienie bezpiecze\u0144stwa ruchu;<\/li>\n\n\n\n<li>monitorowanie Twojej aktywno\u015bci oraz wszystkich innych u\u017cytkownik\u00f3w np. wyszukiwania s\u0142\u00f3w kluczowych, zamieszczania ofert, przeprowadzenia bada\u0144 i analiz Quick4you.pl mi\u0119dzy innymi pod k\u0105tem funkcjonalno\u015bci tej platformy po\u015brednictwa handlowego poprawy dzia\u0142ania us\u0142ug czy oszacowania g\u0142\u00f3wnych zainteresowa\u0144 i potrzeb odwiedzaj\u0105cych;<\/li>\n\n\n\n<li>prowadzenie bada\u0144 i analiz w Quick4you.pl , mi\u0119dzy innymi pod k\u0105tem funkcjonalno\u015bci tej platformy; poprawy dzia\u0142ania us\u0142ug czy oszacowania g\u0142\u00f3wnych zainteresowa\u0144 i potrzeb odwiedzaj\u0105cych;<\/li>\n\n\n\n<li>obs\u0142uga Twoich pr\u00f3\u015bb przekazywanych w szczeg\u00f3lno\u015bci dzia\u0142owi obs\u0142ugi u\u017cytkownika oraz przez formularz kontaktowy w sytuacji, gdy nie s\u0105 one zwi\u0105zane wprost z wykonaniem umowy;<\/li>\n\n\n\n<li>organizacja program\u00f3w lojalno\u015bciowych, konkurs\u00f3w oraz akcji promocyjnych, w kt\u00f3rych mo\u017cesz wzi\u0105\u0107 udzia\u0142;<\/li>\n\n\n\n<li>windykacja nale\u017cno\u015bci; prowadzenie post\u0119powa\u0144 s\u0105dowych, arbitra\u017cowych i mediacyjnych;<\/li>\n\n\n\n<li>prowadzenie analiz statystycznych;<\/li>\n\n\n\n<li>przechowywanie danych dla cel\u00f3w archiwizacyjnych, oraz zapewnienie rozliczalno\u015bci (wykazania spe\u0142nienia przez nas obowi\u0105zk\u00f3w wynikaj\u0105cych z przepis\u00f3w prawa).<\/li>\n<\/ul>\n\n\n\n<p>Je\u015bli si\u0119 na to zgodzisz, przetwarzamy Twoje dane osobowe w celu:<\/p>\n\n\n\n<ul class=\"wp-block-list\">\n<li>zapisywania danych w plikach cookies, gromadzenia danych ze stron www i aplikacji mobilnych;<\/li>\n\n\n\n<li>organizacji konkurs\u00f3w oraz akcji promocyjnych, w kt\u00f3rych mo\u017cesz wzi\u0105\u0107 udzia\u0142;<\/li>\n<\/ul>\n\n\n\n<p>Zgod\u0119 na przetwarzanie danych osobowych, mo\u017cesz wycofa\u0107 w dowolnym momencie w ten sam spos\u00f3b jak j\u0105 wyrazi\u0142e\u015b. B\u0119dziemy przetwarza\u0107 Twoje dane osobowe dop\u00f3ki nie wycofasz zgody.<\/p>\n\n\n\n<p>Czy musisz poda\u0107 nam swoje dane osobowe?<\/p>\n\n\n\n<p>Wymagamy podania przez Ciebie nast\u0119puj\u0105cych danych osobowych, aby m\u00f3c zawrze\u0107 i wykona\u0107 umow\u0119 zawart\u0105 z Tob\u0105, a tym samym \u015bwiadczy\u0107 Ci us\u0142ug\u0119:<\/p>\n\n\n\n<ul class=\"wp-block-list\">\n<li>adres e-mail, has\u0142o, pe\u0142ny adres korespondencyjny,<\/li>\n<\/ul>\n\n\n\n<p>Je\u015bli z jakiego\u015b powodu nie podasz tych danych osobowych, niestety nie b\u0119dziemy mogli zawrze\u0107 z Tob\u0105 umowy, a w konsekwencji nie b\u0119dziesz zawiera\u0107 um\u00f3w w ramach Quick4you.pl <\/p>\n\n\n\n<p>Je\u017celi wymagaj\u0105 tego przepisy prawa, mo\u017cemy wymaga\u0107 od Ciebie podania innych danych niezb\u0119dnych np. ze wzgl\u0119d\u00f3w rachunkowych lub podatkowych. Poza tymi przypadkami podanie Twoich danych jest dobrowolne.<\/p>\n\n\n\n<p>Jakie masz uprawnienia wobec Sp\u00f3\u0142ki w zakresie przetwarzanych danych?<\/p>\n\n\n\n<p>Gwarantujemy spe\u0142nienie wszystkich Twoich praw wynikaj\u0105cych z og\u00f3lnego rozporz\u0105dzenia o ochronie danych, tj. prawo dost\u0119pu, sprostowania oraz usuni\u0119cia Twoich danych, ograniczenia ich przetwarzania, prawo do ich przenoszenia, niepodlegania zautomatyzowanemu podejmowaniu decyzji, w tym profilowaniu, a tak\u017ce prawo do wyra\u017cenia sprzeciwu wobec przetwarzania Twoich danych osobowych.<\/p>\n\n\n\n<p>Z uprawnie\u0144 tych mo\u017cesz skorzysta\u0107, gdy:<\/p>\n\n\n\n<ul class=\"wp-block-list\">\n<li>w odniesieniu do \u017c\u0105dania sprostowania danych: zauwa\u017cysz, \u017ce Twoje dane s\u0105 nieprawid\u0142owe lub niekompletne;<\/li>\n\n\n\n<li>w odniesieniu do \u017c\u0105dania usuni\u0119cia danych: Twoje dane nie b\u0119d\u0105 ju\u017c niezb\u0119dne do cel\u00f3w, dla kt\u00f3rych zosta\u0142y zebrane przez Sp\u00f3\u0142k\u0119; cofniesz swoj\u0105 zgod\u0119 na przetwarzanie danych; zg\u0142osisz sprzeciw wobec przetwarzania Twoich danych; Twoje dane b\u0119d\u0105 przetwarzane niezgodnie z prawem; dane powinny by\u0107 usuni\u0119te w celu wywi\u0105zania si\u0119 z obowi\u0105zku wynikaj\u0105cego z przepisu prawa lub dane zosta\u0142y zebrane w zwi\u0105zku ze \u015bwiadczeniem us\u0142ug drog\u0105 elektroniczn\u0105 oferowanych dziecku;<\/li>\n\n\n\n<li>w odniesieniu do \u017c\u0105dania ograniczenia przetwarzania danych: zauwa\u017cysz, \u017ce Twoje dane s\u0105 nieprawid\u0142owe \u2013 mo\u017cesz \u017c\u0105da\u0107 ograniczenia przetwarzania Twoich danych na<\/li>\n<\/ul>\n\n\n\n<p>okres pozwalaj\u0105cy nam sprawdzi\u0107 prawid\u0142owo\u015b\u0107 tych danych; Twoje dane b\u0119d\u0105 przetwarzane niezgodnie z prawem, ale nie b\u0119dziesz chcia\u0142\/a, aby zosta\u0142y usuni\u0119te; Twoje dane nie b\u0119d\u0105 nam ju\u017c potrzebne, ale mog\u0105 by\u0107 potrzebne Tobie do obrony lub dochodzenia roszcze\u0144; lub wniesiesz sprzeciw wobec przetwarzania danych do czasu ustalenia, czy prawnie uzasadnione podstawy po naszej stronie s\u0105 nadrz\u0119dne wobec podstawy sprzeciwu;<\/p>\n\n\n\n<ul class=\"wp-block-list\">\n<li>w odniesieniu do \u017c\u0105dania przeniesienia danych: przetwarzanie Twoich danych odbywa si\u0119 na podstawie Twojej zgody lub umowy zawartej z Tob\u0105 oraz, gdy przetwarzanie to odbywa si\u0119 w spos\u00f3b automatyczny.<\/li>\n<\/ul>\n\n\n\n<p>Masz prawo wnie\u015b\u0107 skarg\u0119 w zwi\u0105zku z przetwarzaniem przez nas Twoich danych osobowych do organu nadzorczego, kt\u00f3rym jest Generalny Inspektor Ochrony Danych Osobowych (adres: Generalny Inspektor Ochrony Danych Osobowych, ul. Stawki 2, 00-193 Warszawa).<\/p>\n\n\n\n<p>W jakich sytuacjach mo\u017cesz si\u0119 sprzeciwi\u0107 wobec przetwarzania Twoich danych?<\/p>\n\n\n\n<p>Masz prawo wnie\u015b\u0107 sprzeciw wobec przetwarzania Twoich danych osobowych, gdy:<\/p>\n\n\n\n<ul class=\"wp-block-list\">\n<li>przetwarzanie Twoich danych osobowych odbywa si\u0119 na podstawie prawnie uzasadnionego interesu lub dla cel\u00f3w statystycznych, a sprzeciw jest uzasadniony przez szczeg\u00f3ln\u0105 sytuacj\u0119, w kt\u00f3rej si\u0119 znalaz\u0142e\u015b\/a\u015b,<\/li>\n\n\n\n<li>Twoje dane osobowe przetwarzane s\u0105 na potrzeby marketingu bezpo\u015bredniego, w tym s\u0105 profilowane dla tego celu.<\/li>\n<\/ul>\n\n\n\n<p>Komu udost\u0119pniamy Twoje dane osobowe?<\/p>\n\n\n\n<p>Twoje dane osobowe udost\u0119pniamy stronom transakcji, kt\u00f3re zawierasz na elektrovarius.pl oraz podmiotom wspieraj\u0105cym nas w \u015bwiadczeniu us\u0142ug drog\u0105 elektroniczn\u0105, czyli takim, kt\u00f3re zapewniaj\u0105 us\u0142ugi p\u0142atnicze, kredytowe, ubezpieczeniowe, wykonuj\u0105 us\u0142ugi konsultingowe lub audytowe, wspomagaj\u0105 obs\u0142ug\u0119 u\u017cytkownik\u00f3w elektrovarius.pl , wspieraj\u0105 promocj\u0119 ofert, wsp\u00f3\u0142pracuj\u0105 w ramach kampanii marketingowych. Mo\u017cemy przekaza\u0107 Twoje dane osobowe organom publicznym walcz\u0105cym z oszustwami i nadu\u017cyciami.<\/p>\n\n\n\n<p>Jak d\u0142ugo przechowujemy Twoje dane osobowe?<\/p>\n\n\n\n<p>Przechowujemy Twoje dane osobowe przez czas obowi\u0105zywania umowy zawartej z Tob\u0105, a tak\u017ce po jej zako\u0144czeniu w celach:<\/p>\n\n\n\n<ul class=\"wp-block-list\">\n<li>dochodzenia roszcze\u0144 w zwi\u0105zku z wykonywaniem umowy,<\/li>\n\n\n\n<li>wykonania obowi\u0105zk\u00f3w wynikaj\u0105cych z przepis\u00f3w prawa, w tym w szczeg\u00f3lno\u015bci podatkowych i rachunkowych,<\/li>\n<\/ul>\n\n\n\n<ul class=\"wp-block-list\">\n<li>zapobiegania nadu\u017cyciom i oszustwom,<\/li>\n\n\n\n<li>statystycznych i archiwizacyjnych,<\/li>\n\n\n\n<li>maksymalnie przez okres 10 lat od dnia zako\u0144czenia wykonania umowy.<\/li>\n<\/ul>\n\n\n\n<p>Przechowujemy Twoje dane osobowe dla cel\u00f3w marketingowych przez okres obowi\u0105zywania umowy lub do momentu wniesienia przez Ciebie sprzeciwu wobec takiego przetwarzania, w zale\u017cno\u015bci od tego, kt\u00f3re z tych zdarze\u0144 wyst\u0105pi wcze\u015bniej.<\/p>\n\n\n\n<p>W przypadku organizacji program\u00f3w lojalno\u015bciowych, konkurs\u00f3w oraz akcji promocyjnych, w kt\u00f3rych mo\u017cesz wzi\u0105\u0107 udzia\u0142 \u2013 b\u0119dziemy przetwarza\u0107 Twoje dane przez czas ich trwania i okres rozliczenia wr\u0119czania nagr\u00f3d.<\/p>\n\n\n\n<p>W celu rozliczalno\u015bci tj. udowodnienia przestrzegania przepis\u00f3w dotycz\u0105cych przetwarzania danych osobowych b\u0119dziemy przechowywa\u0107 dane przez okres, w kt\u00f3rym elektrovarius.pl zobowi\u0105zany jest do zachowania danych lub dokument\u00f3w je zawieraj\u0105cych dla udokumentowania spe\u0142nienia wymaga\u0144 prawnych i umo\u017cliwienia kontroli ich spe\u0142nienia przez organy publiczne.<\/p>\n\n\n\n<p>Czy przekazujemy Twoje dane do pa\u0144stw spoza Europejskiego Obszaru Gospodarczego?<\/p>\n\n\n\n<p>Twoje dane osobowe b\u0119d\u0105 przekazywane poza Europejski Obszar Gospodarczy do Google LLC w oparciu o odpowiednie zabezpieczenia prawne, kt\u00f3rymi s\u0105 standardowe klauzule umowne ochrony danych osobowych, zatwierdzone przez Komisj\u0119 Europejsk\u0105. Twoje dane adresowe zostan\u0105 przekazane do podmiot\u00f3w poza UE, z kt\u00f3rymi za po\u015brednictwem Quick4you.pl zawierasz umow\u0119. Na indywidualn\u0105 pro\u015bb\u0119 mo\u017cemy przekaza\u0107 pe\u0142ne dane podmiotu, kt\u00f3ry realizowa\u0142 umow\u0119.<\/p>\n\n\n\n<p>Czy przetwarzamy Twoje dane osobowe automatycznie (w tym poprzez profilowanie) w spos\u00f3b wp\u0142ywaj\u0105cy na Twoje prawa?<\/p>\n\n\n\n<p>Twoje dane osobowe b\u0119d\u0105 przetwarzane w spos\u00f3b zautomatyzowany (w tym w formie profilowania), jednak\u017ce nie b\u0119dzie to wywo\u0142ywa\u0107 wobec Ciebie \u017cadnych skutk\u00f3w prawnych lub w podobny spos\u00f3b istotnie wp\u0142ywa\u0107 na Twoj\u0105 sytuacj\u0119.<\/p>\n\n\n\n<p>Profilowanie danych osobowych przez elektrovarius.pl polega na przetwarzaniu Twoich danych (r\u00f3wnie\u017c w spos\u00f3b zautomatyzowany), poprzez wykorzystywanie ich do oceny niekt\u00f3rych informacji o Tobie, w szczeg\u00f3lno\u015bci do analizy lub prognozy osobistych preferencji oraz zainteresowa\u0144.<\/p>\n","protected":false},"excerpt":{"rendered":"<p>Kto jest administratorem Twoich danych osobowych? Dane firmy: Micha\u0142 GilKielce Skalista 125-106NIP 6572964512 Kontakt: Tel: 795487436kontakt@quick4you.pl Administratorem, czyli podmiotem decyduj\u0105cym o tym, jak b\u0119d\u0105 wykorzystywane Twoje dane osobowe, jest Quick4you.pl(dalej&#8230;<\/p>\n","protected":false},"author":1,"featured_media":0,"parent":0,"menu_order":0,"comment_status":"closed","ping_status":"open","template":"","meta":{"ghostkit_customizer_options":"","ghostkit_custom_css":"","ghostkit_custom_js_head":"","ghostkit_custom_js_foot":"","ghostkit_typography":"","_glsr_average":0,"_glsr_ranking":0,"_glsr_reviews":0,"footnotes":""},"class_list":["post-3","page","type-page","status-publish"],"_links":{"self":[{"href":"https:\/\/quick4you.pl\/index.php?rest_route=\/wp\/v2\/pages\/3","targetHints":{"allow":["GET"]}}],"collection":[{"href":"https:\/\/quick4you.pl\/index.php?rest_route=\/wp\/v2\/pages"}],"about":[{"href":"https:\/\/quick4you.pl\/index.php?rest_route=\/wp\/v2\/types\/page"}],"author":[{"embeddable":true,"href":"https:\/\/quick4you.pl\/index.php?rest_route=\/wp\/v2\/users\/1"}],"replies":[{"embeddable":true,"href":"https:\/\/quick4you.pl\/index.php?rest_route=%2Fwp%2Fv2%2Fcomments&post=3"}],"version-history":[{"count":7,"href":"https:\/\/quick4you.pl\/index.php?rest_route=\/wp\/v2\/pages\/3\/revisions"}],"predecessor-version":[{"id":1811,"href":"https:\/\/quick4you.pl\/index.php?rest_route=\/wp\/v2\/pages\/3\/revisions\/1811"}],"wp:attachment":[{"href":"https:\/\/quick4you.pl\/index.php?rest_route=%2Fwp%2Fv2%2Fmedia&parent=3"}],"curies":[{"name":"wp","href":"https:\/\/api.w.org\/{rel}","templated":true}]}}